{"id":395,"date":"2026-05-08T11:05:46","date_gmt":"2026-05-08T11:05:46","guid":{"rendered":"https:\/\/www.italias-cinema.com\/?page_id=395"},"modified":"2026-05-08T11:12:14","modified_gmt":"2026-05-08T11:12:14","slug":"terms-of-service","status":"publish","type":"page","link":"https:\/\/www.italias-cinema.com\/it\/terms-of-service\/","title":{"rendered":"Termini di Servizio"},"content":{"rendered":"<div data-elementor-type=\"wp-page\" data-elementor-id=\"395\" class=\"elementor elementor-395\" data-elementor-post-type=\"page\">\n\t\t\t\t<div class=\"elementor-element elementor-element-f285b5b e-flex e-con-boxed e-con e-parent\" data-id=\"f285b5b\" data-element_type=\"container\" data-e-type=\"container\">\n\t\t\t\t\t<div class=\"e-con-inner\">\n\t\t\t\t<div class=\"elementor-element elementor-element-906cc44 elementor-widget elementor-widget-heading\" data-id=\"906cc44\" data-element_type=\"widget\" data-e-type=\"widget\" data-widget_type=\"heading.default\">\n\t\t\t\t\t<h2 class=\"elementor-heading-title elementor-size-default\">Termini di Servizio<\/h2>\t\t\t\t<\/div>\n\t\t\t\t<div class=\"elementor-element elementor-element-0753de8 elementor-widget elementor-widget-text-editor\" data-id=\"0753de8\" data-element_type=\"widget\" data-e-type=\"widget\" data-widget_type=\"text-editor.default\">\n\t\t\t\t\t\t\t\t\t<p>Termini di utilizzo di Italia's Cinema. Si precisa che Italia's Cinema non rilascia alcuna dichiarazione o garanzia in merito al materiale, ai dati e alle informazioni a cui l'utente potrebbe avere accesso nell'ambito o tramite l'utilizzo dei Servizi. In nessun caso Italia's Cinema sar\u00e0 responsabile in alcun modo per i Contenuti, inclusi, a titolo esemplificativo ma non esaustivo: Contenuti che violino diritti d'autore, errori o omissioni nei Contenuti, o per qualsiasi perdita o danno di qualsiasi tipo derivante dall'utilizzo di Contenuti pubblicati, trasmessi, collegati o altrimenti accessibili o resi disponibili tramite i Servizi. L'utente comprende che, utilizzando i Servizi, potrebbe essere esposto a Contenuti offensivi, indecenti o discutibili. L'utente accetta di essere l'unico responsabile del riutilizzo dei Contenuti resi disponibili tramite i Servizi, inclusa la corretta attribuzione. Prima di utilizzare i Contenuti, l'utente \u00e8 tenuto a esaminare i termini della licenza applicabile per essere a conoscenza di ci\u00f2 che pu\u00f2 e non pu\u00f2 fare.<\/p><p>Le presenti condizioni d'uso regolano l'accesso e l'utilizzo del sito web e dei servizi forniti da Italia's Cinema. Accedendo o utilizzando qualsiasi parte del sito web o dei servizi, l'utente accetta di essere vincolato dalle presenti condizioni d'uso. Qualora non accetti le presenti condizioni d'uso, l'utente non dovr\u00e0 accedere o utilizzare il sito web o i servizi. Italia's Cinema si riserva il diritto di modificare o interrompere il sito web o i servizi in qualsiasi momento, senza preavviso o responsabilit\u00e0 nei confronti dell'utente. L'utente \u00e8 responsabile del rispetto di tutte le leggi e i regolamenti applicabili durante l'utilizzo del sito web o dei servizi. L'utente non deve utilizzare il sito web o i servizi per scopi illegali, fraudolenti, dannosi o offensivi. L'utente deve rispettare i diritti di propriet\u00e0 intellettuale di Italia's Cinema e di terzi durante l'utilizzo del sito web o dei servizi. L'utente non deve copiare, riprodurre, distribuire, modificare o creare opere derivate da qualsiasi contenuto del sito web o dei servizi senza l'espressa autorizzazione di Italia's Cinema o dei rispettivi proprietari. L'utente non deve interferire con la sicurezza, l'integrit\u00e0 o il funzionamento del sito web o dei servizi. L'utente non deve tentare di ottenere l'accesso non autorizzato ad alcun account, dato o sistema sul sito web o sui servizi. \u00c8 vietato trasmettere virus, malware o altri codici dannosi tramite il sito web o i servizi. Italia's Cinema declina ogni garanzia e responsabilit\u00e0 in relazione al sito web o ai servizi. Il sito web e i servizi sono forniti \"cos\u00ec come sono\" e \"secondo disponibilit\u00e0\", senza alcuna garanzia di alcun tipo. Italia's Cinema non garantisce che il sito web o i servizi saranno ininterrotti, privi di errori, sicuri o accurati. Italia's Cinema non \u00e8 responsabile per danni diretti, indiretti, incidentali, consequenziali o punitivi derivanti dall'accesso o dall'utilizzo del sito web o dei servizi. Alcune giurisdizioni potrebbero non consentire l'esclusione o la limitazione di determinate garanzie o responsabilit\u00e0, pertanto alcune delle esclusioni o limitazioni di cui sopra potrebbero non essere applicabili. Le presenti condizioni d'uso sono regolate dalle leggi dello stato del Wyoming, USA. Qualsiasi controversia derivante dalle presenti condizioni d'uso sar\u00e0 soggetta alla giurisdizione esclusiva dei tribunali del Wyoming. Qualora una qualsiasi disposizione delle presenti condizioni d'uso venga ritenuta invalida o inapplicabile da un tribunale di giurisdizione competente, le restanti disposizioni rimarranno pienamente valide ed efficaci. Le presenti condizioni d'uso costituiscono l'intero accordo tra l'utente e Italia's Cinema in merito all'accesso e all'utilizzo del sito web e dei servizi.<\/p>\t\t\t\t\t\t\t\t<\/div>\n\t\t\t\t\t<\/div>\n\t\t\t\t<\/div>\n\t\t<div class=\"elementor-element elementor-element-4a4300c e-flex e-con-boxed e-con e-parent\" data-id=\"4a4300c\" data-element_type=\"container\" data-e-type=\"container\" data-settings=\"{&quot;background_background&quot;:&quot;classic&quot;}\">\n\t\t\t\t\t<div class=\"e-con-inner\">\n\t\t\t\t<div class=\"elementor-element elementor-element-12ea837 elementor-widget elementor-widget-heading\" data-id=\"12ea837\" data-element_type=\"widget\" data-e-type=\"widget\" data-widget_type=\"heading.default\">\n\t\t\t\t\t<h2 class=\"elementor-heading-title elementor-size-default\">Still have questions about our terms?<\/h2>\t\t\t\t<\/div>\n\t\t\t\t<div class=\"elementor-element elementor-element-b5d7923 elementor-widget elementor-widget-text-editor\" data-id=\"b5d7923\" data-element_type=\"widget\" data-e-type=\"widget\" data-widget_type=\"text-editor.default\">\n\t\t\t\t\t\t\t\t\t<p>Our support team is available to clarify any legal or technical<br \/>aspects of your subscription in both English and Italian.<\/p>\t\t\t\t\t\t\t\t<\/div>\n\t\t<div class=\"elementor-element elementor-element-3c544b8 e-con-full e-flex e-con e-child\" data-id=\"3c544b8\" data-element_type=\"container\" data-e-type=\"container\">\n\t\t\t\t<div class=\"elementor-element elementor-element-4dad7ca elementor-widget elementor-widget-button\" data-id=\"4dad7ca\" data-element_type=\"widget\" data-e-type=\"widget\" data-widget_type=\"button.default\">\n\t\t\t\t\t\t\t\t\t\t<a class=\"elementor-button elementor-button-link elementor-size-sm\" href=\"https:\/\/www.italias-cinema.com\/it\/subscribe\/\">\n\t\t\t\t\t\t<span class=\"elementor-button-content-wrapper\">\n\t\t\t\t\t\t\t\t\t<span class=\"elementor-button-text\">Contact Support<\/span>\n\t\t\t\t\t<\/span>\n\t\t\t\t\t<\/a>\n\t\t\t\t\t\t\t\t<\/div>\n\t\t\t\t<div class=\"elementor-element elementor-element-08a5ae0 elementor-widget elementor-widget-button\" data-id=\"08a5ae0\" data-element_type=\"widget\" data-e-type=\"widget\" data-widget_type=\"button.default\">\n\t\t\t\t\t\t\t\t\t\t<a class=\"elementor-button elementor-button-link elementor-size-sm\" href=\"https:\/\/www.italias-cinema.com\/it\/faq\/\">\n\t\t\t\t\t\t<span class=\"elementor-button-content-wrapper\">\n\t\t\t\t\t\t\t\t\t<span class=\"elementor-button-text\">Visit FAQ<\/span>\n\t\t\t\t\t<\/span>\n\t\t\t\t\t<\/a>\n\t\t\t\t\t\t\t\t<\/div>\n\t\t\t\t<\/div>\n\t\t\t\t\t<\/div>\n\t\t\t\t<\/div>\n\t\t\t\t<\/div>","protected":false},"excerpt":{"rendered":"<p>Terms of Service Terms of use agreement of Italia\u2019s Cinema. It states that Italia\u2019s Cinema does not make any representations or warranties about the material, data, and information which you may have access to as part of, or through your use of, the Services. Under no circumstances is Italia\u2019s Cinema liable in any way for [&hellip;]<\/p>\n","protected":false},"author":1,"featured_media":0,"parent":0,"menu_order":0,"comment_status":"closed","ping_status":"closed","template":"","meta":{"footnotes":""},"class_list":["post-395","page","type-page","status-publish","hentry"],"_links":{"self":[{"href":"https:\/\/www.italias-cinema.com\/it\/wp-json\/wp\/v2\/pages\/395","targetHints":{"allow":["GET"]}}],"collection":[{"href":"https:\/\/www.italias-cinema.com\/it\/wp-json\/wp\/v2\/pages"}],"about":[{"href":"https:\/\/www.italias-cinema.com\/it\/wp-json\/wp\/v2\/types\/page"}],"author":[{"embeddable":true,"href":"https:\/\/www.italias-cinema.com\/it\/wp-json\/wp\/v2\/users\/1"}],"replies":[{"embeddable":true,"href":"https:\/\/www.italias-cinema.com\/it\/wp-json\/wp\/v2\/comments?post=395"}],"version-history":[{"count":4,"href":"https:\/\/www.italias-cinema.com\/it\/wp-json\/wp\/v2\/pages\/395\/revisions"}],"predecessor-version":[{"id":399,"href":"https:\/\/www.italias-cinema.com\/it\/wp-json\/wp\/v2\/pages\/395\/revisions\/399"}],"wp:attachment":[{"href":"https:\/\/www.italias-cinema.com\/it\/wp-json\/wp\/v2\/media?parent=395"}],"curies":[{"name":"wp","href":"https:\/\/api.w.org\/{rel}","templated":true}]}}